{"id":1274,"date":"2023-11-07T15:05:04","date_gmt":"2023-11-07T14:05:04","guid":{"rendered":"https:\/\/adesuwa.de\/details-zum-unternehmen\/"},"modified":"2023-11-07T15:05:09","modified_gmt":"2023-11-07T14:05:09","slug":"details-zum-unternehmen","status":"publish","type":"page","link":"https:\/\/adesuwa.de\/de\/details-zum-unternehmen\/","title":{"rendered":"Details zum Unternehmen"},"content":{"rendered":"<p>[et_pb_section fb_built=&#8220;1&#8243; custom_padding_last_edited=&#8220;on|phone&#8220; admin_label=&#8220;Help us to help the children&#8220; _builder_version=&#8220;4.18.0&#8243; _module_preset=&#8220;default&#8220; background_enable_image=&#8220;off&#8220; background_size=&#8220;custom&#8220; background_image_width=&#8220;680px&#8220; background_position=&#8220;center_right&#8220; custom_padding=&#8220;200px||100px||false|false&#8220; custom_padding_tablet=&#8220;0px||100px||false|false&#8220; custom_padding_phone=&#8220;200px||0px||false|false&#8220; background_last_edited=&#8220;on|tablet&#8220; background_enable_image_tablet=&#8220;off&#8220; collapsed=&#8220;off&#8220; global_colors_info=&#8220;{}&#8220;][et_pb_row disabled_on=&#8220;off|off|off&#8220; admin_label=&#8220;Kontakt&#8220; _builder_version=&#8220;4.18.0&#8243; _module_preset=&#8220;default&#8220; width_tablet=&#8220;&#8220; width_phone=&#8220;90%&#8220; width_last_edited=&#8220;on|phone&#8220; max_width=&#8220;840px&#8220; custom_css_main_element=&#8220;display: flex;&#8220; collapsed=&#8220;off&#8220; global_colors_info=&#8220;{}&#8220;][et_pb_column type=&#8220;4_4&#8243; _builder_version=&#8220;4.18.0&#8243; _module_preset=&#8220;default&#8220; global_colors_info=&#8220;{}&#8220;][et_pb_text admin_label=&#8220;Contact&#8220; _builder_version=&#8220;4.18.0&#8243; _module_preset=&#8220;default&#8220; header_2_font=&#8220;|800||on|||||&#8220; header_2_text_color=&#8220;#3A3A39&#8243; header_2_font_size=&#8220;40px&#8220; header_2_font_size_tablet=&#8220;40px&#8220; header_2_font_size_phone=&#8220;30px&#8220; header_2_font_size_last_edited=&#8220;on|phone&#8220; global_colors_info=&#8220;{}&#8220;]<\/p>\n<h1><strong>Details zum Unternehmen<\/strong><\/h1>\n<p>[\/et_pb_text][et_pb_image src=&#8220;https:\/\/adesuwa.de\/wp-content\/uploads\/2022\/09\/adesuwa-strich-trenner.png&#8220; alt=&#8220;adesuwa-strich-trenner&#8220; title_text=&#8220;adesuwa-strich-trenner&#8220; admin_label=&#8220;Strich-Trenner&#8220; _builder_version=&#8220;4.18.0&#8243; _module_preset=&#8220;default&#8220; width=&#8220;15%&#8220; width_tablet=&#8220;15%&#8220; width_phone=&#8220;45%&#8220; width_last_edited=&#8220;on|phone&#8220; custom_margin=&#8220;-10px||||false|false&#8220; global_colors_info=&#8220;{}&#8220;][\/et_pb_image][et_pb_text admin_label=&#8220;Programs in Nigeria&#8220; _builder_version=&#8220;4.18.0&#8243; _module_preset=&#8220;default&#8220; header_3_font=&#8220;|300|||||||&#8220; header_3_text_color=&#8220;#3A3A39&#8243; header_3_line_height=&#8220;1.6em&#8220; max_width=&#8220;580px&#8220; custom_margin=&#8220;50px||50px||false|false&#8220; custom_margin_tablet=&#8220;45px||45px||true|false&#8220; custom_margin_phone=&#8220;25px||25px||true|false&#8220; custom_margin_last_edited=&#8220;on|tablet&#8220; header_3_font_size_tablet=&#8220;&#8220; header_3_font_size_phone=&#8220;18px&#8220; header_3_font_size_last_edited=&#8220;on|phone&#8220; header_3_line_height_tablet=&#8220;1.6em&#8220; header_3_line_height_phone=&#8220;1.4em&#8220; header_3_line_height_last_edited=&#8220;on|phone&#8220; global_colors_info=&#8220;{}&#8220;]<\/p>\n<div class=\"et_pb_module et_pb_text et_pb_text_0 et_pb_text_align_left et_pb_bg_layout_light\">\n<div class=\"et_pb_text_inner\">\n<div class=\"et_pb_module et_pb_text et_pb_text_0 et_pb_text_align_left et_pb_bg_layout_light\">\n<div class=\"et_pb_text_inner\">\n<div id=\"sppb-addon-1493722455904\" class=\"clearfix\">\n<div class=\"sppb-addon sppb-addon-text-block sppb-text-left \">\n<p><strong style=\"font-size: 16px;\">Angaben nach \u00a7 5 TMG (Telemediengesetz)<\/strong><br \/>Adesuwa e.V.<br \/>Frintroper Str. 104<br \/>46047 Oberhausen<\/p>\n<p>&nbsp;<\/p>\n<p><strong>Vertreten durch<\/strong><\/p>\n<p>Jennifer Westholt<\/p>\n<p>&nbsp;<\/p>\n<p><strong>Kontakt<\/strong><\/p>\n<p>Telefon: +4915754600080<br \/>E-Mail: hallo@adesuwa.de<\/p>\n<p><strong><\/strong><\/p>\n<p><strong>Kontrollbeh\u00f6rde<\/strong><\/p>\n<p>Zivilgericht Duisburg Registernummer 41779 Wir sind nicht bereit oder verpflichtet, an einer Schlichtungsverhandlung vor einer Verbraucherschlichtungsstelle teilzunehmen.<\/p>\n<p><strong><\/strong><\/p>\n<p><strong>Haftung f\u00fcr die Inhalte<\/strong><\/p>\n<p>Als Diensteanbieter sind wir gem\u00e4\u00df \u00a7 7 Abs.1 TMG f\u00fcr eigene Inhalte auf diesen Seiten nach den allgemeinen Gesetzen verantwortlich. Nach \u00a7\u00a7 8 bis 10 TMG sind wir als Diensteanbieter jedoch nicht verpflichtet, \u00fcbermittelte oder gespeicherte fremde Informationen zu \u00fcberwachen oder nach Umst\u00e4nden zu forschen, die auf eine rechtswidrige T\u00e4tigkeit hinweisen. <span> <\/span>Verpflichtungen zur Entfernung oder Sperrung der Nutzung von Informationen nach den allgemeinen Gesetzen bleiben hiervon unber\u00fchrt. Eine diesbez\u00fcgliche Haftung ist jedoch erst ab dem Zeitpunkt der Kenntnis einer konkreten Rechtsverletzung m\u00f6glich. Bei Bekanntwerden von entsprechenden Rechtsverletzungen werden wir diese Inhalte umgehend entfernen.<span>  <\/span><\/p>\n<p><strong><\/strong><\/p>\n<p>Haftung f\u00fcr Links<\/p>\n<p>Unser Angebot enth\u00e4lt Links zu externen Webseiten, auf deren Inhalte wir keinen Einfluss haben. Deshalb k\u00f6nnen wir f\u00fcr diese fremden Inhalte auch keine Gew\u00e4hr \u00fcbernehmen. F\u00fcr diese Inhalte ist der jeweilige Anbieter oder Betreiber der verlinkten Seiten verantwortlich. Die verlinkten Seiten wurden zum Zeitpunkt der Verlinkung auf m\u00f6gliche Rechtsverst\u00f6\u00dfe \u00fcberpr\u00fcft. Rechtsverst\u00f6\u00dfe waren zum Zeitpunkt der Verlinkung nicht erkennbar.<span>  <\/span>Eine permanente inhaltliche Kontrolle der verlinkten Seiten ist jedoch ohne konkrete Anhaltspunkte einer Rechtsverletzung nicht zumutbar. Bei Bekanntwerden von Rechtsverletzungen werden wir derartige Seiten umgehend entfernen.<span> <\/span><span><\/span><\/p>\n<p><span><\/span><\/p>\n<p><strong>Urheberrecht<\/strong><\/p>\n<\/div>\n<\/div>\n<div id=\"sppb-addon-1493724395131\" class=\"clearfix\">\n<div class=\"sppb-addon sppb-addon-text-block sppb-text-left \">\n<p class=\"sppb-addon-content\">Die durch die Seitenbetreiber erstellten Inhalte und Werke auf diesen Seiten unterliegen dem deutschen Urheberrecht. Die Vervielf\u00e4ltigung, Bearbeitung, Verbreitung und jede Art der Verwertung au\u00dferhalb der Grenzen des Urheberrechtes bed\u00fcrfen der schriftlichen Zustimmung des jeweiligen Autors bzw. Erstellers. Downloads und Kopien dieser Seite sind nur f\u00fcr den privaten, nicht kommerziellen Gebrauch gestattet.<span>  <\/span><span> <\/span>Soweit die Inhalte auf dieser Seite nicht vom Betreiber erstellt wurden, werden die Urheberrechte Dritter beachtet. Insbesondere werden Inhalte Dritter als solche gekennzeichnet. Sollten Sie auf eine Verletzung des Urheberrechts aufmerksam werden, informieren Sie uns bitte. Bei Bekanntwerden von Rechtsverletzungen werden wir derartige Inhalte umgehend entfernen.<\/p>\n<p class=\"sppb-addon-content\"><strong>Design<\/strong><br \/><a href=\"https:\/\/bcs-design-lab.com\" target=\"_blank\" rel=\"noopener\">BCS Design Lab<\/a><\/p>\n<\/div>\n<\/div>\n<\/div>\n<\/div>\n<\/div>\n<\/div>\n<p>[\/et_pb_text][\/et_pb_column][\/et_pb_row][\/et_pb_section]<\/p>\n","protected":false},"excerpt":{"rendered":"<p>Details zum Unternehmen Angaben nach \u00a7 5 TMG (Telemediengesetz)Adesuwa e.V.Frintroper Str. 10446047 Oberhausen &nbsp; Vertreten durch Jennifer Westholt &nbsp; Kontakt Telefon: +4915754600080E-Mail: hallo@adesuwa.de Kontrollbeh\u00f6rde Zivilgericht Duisburg Registernummer 41779 Wir sind nicht bereit oder verpflichtet, an einer Schlichtungsverhandlung vor einer Verbraucherschlichtungsstelle teilzunehmen. Haftung f\u00fcr die Inhalte Als Diensteanbieter sind wir gem\u00e4\u00df \u00a7 7 Abs.1 TMG f\u00fcr [&hellip;]<\/p>\n","protected":false},"author":1,"featured_media":0,"parent":0,"menu_order":0,"comment_status":"closed","ping_status":"closed","template":"","meta":{"_et_pb_use_builder":"on","_et_pb_old_content":"","_et_gb_content_width":"","footnotes":""},"class_list":["post-1274","page","type-page","status-publish","hentry"],"_links":{"self":[{"href":"https:\/\/adesuwa.de\/de\/wp-json\/wp\/v2\/pages\/1274","targetHints":{"allow":["GET"]}}],"collection":[{"href":"https:\/\/adesuwa.de\/de\/wp-json\/wp\/v2\/pages"}],"about":[{"href":"https:\/\/adesuwa.de\/de\/wp-json\/wp\/v2\/types\/page"}],"author":[{"embeddable":true,"href":"https:\/\/adesuwa.de\/de\/wp-json\/wp\/v2\/users\/1"}],"replies":[{"embeddable":true,"href":"https:\/\/adesuwa.de\/de\/wp-json\/wp\/v2\/comments?post=1274"}],"version-history":[{"count":5,"href":"https:\/\/adesuwa.de\/de\/wp-json\/wp\/v2\/pages\/1274\/revisions"}],"predecessor-version":[{"id":1279,"href":"https:\/\/adesuwa.de\/de\/wp-json\/wp\/v2\/pages\/1274\/revisions\/1279"}],"wp:attachment":[{"href":"https:\/\/adesuwa.de\/de\/wp-json\/wp\/v2\/media?parent=1274"}],"curies":[{"name":"wp","href":"https:\/\/api.w.org\/{rel}","templated":true}]}}